{"id":1696,"date":"2019-06-17T20:00:46","date_gmt":"2019-06-17T20:00:46","guid":{"rendered":"https:\/\/katiacanton.com.br\/?page_id=1696"},"modified":"2024-07-16T12:54:16","modified_gmt":"2024-07-16T12:54:16","slug":"bio","status":"publish","type":"page","link":"https:\/\/katiacanton.com.br\/?page_id=1696","title":{"rendered":"bio"},"content":{"rendered":"<p>[vc_row full_width=&#8221;stretch_row&#8221; css=&#8221;.vc_custom_1560801725013{padding-top: 60px !important;padding-right: 20px !important;padding-bottom: 30px !important;padding-left: 20px !important;background-color: #fff0de !important;}&#8221;][vc_column width=&#8221;1\/4&#8243;][\/vc_column][vc_column width=&#8221;1\/2&#8243;][vc_custom_heading text=&#8221;BIO&#8221; font_container=&#8221;tag:h1|text_align:center|color:%23f06a41&#8243; use_theme_fonts=&#8221;yes&#8221; css=&#8221;.vc_custom_1560801560565{background-position: center !important;background-repeat: no-repeat !important;background-size: contain !important;}&#8221;][vc_single_image image=&#8221;1697&#8243; img_size=&#8221;full&#8221; alignment=&#8221;center&#8221;][vc_column_text]Katia Canton \u00e9 psicanalista, escritora e artista visual. Estudou arquitetura, dan\u00e7a e formou-se jornalista pela ECA USP, em S\u00e3o Paulo. Tamb\u00e9m estudou literatura e civiliza\u00e7\u00e3o francesas no curso de estudos superiores oferecido pela Alian\u00e7a Francesa em conjunto com a Universidade de Nancy II. Em 1984, transferiu-se para Paris, com uma bolsa de estudos de dan\u00e7a moderna no est\u00fadio Peter Goss.<\/p>\n<p>Viveu em Nova York por oito anos, onde trabalhou como rep\u00f3rter para v\u00e1rios jornais e revistas e realizou mestrado e doutorado na New York University. Sua pesquisa acad\u00eamica \u00e9 interdisciplinar e relaciona as artes e os contos de fadas, de v\u00e1rias \u00e9pocas e culturas do mundo. Trabalhou por um ano e meio como bolsista no MoMA, de Nova York, criando projetos de arte e narrativa no departamento de educa\u00e7\u00e3o. De volta ao Brasil, ingressou como docente na Universidade de S\u00e3o Paulo, sendo professora associada do Museu de Arte Contempor\u00e2nea (onde foi vice-diretora) e do programa de P\u00f3s-gradua\u00e7\u00e3o Interunidades em Est\u00e9tica e Hist\u00f3ria da Arte.<\/p>\n<p>Seu trabalho art\u00edstico \u00e9 multim\u00eddia, incluindo desenho, pintura, fotografia e objetos, e conceitualmente se liga a quest\u00f5es sobre sonhos, desejos e narrativas. Tem realizado exposi\u00e7\u00f5es em museus, galerias e institui\u00e7\u00f5es culturais no Brasil e no exterior desde 2008. Voltou-se para o estudo da psican\u00e1lise a partir de 2017. Atende em cl\u00ednica particular e realiza cursos e grupos de estudos.<\/p>\n<p>Como autora, al\u00e9m de escrever livros sobre arte, criou mais de 50 livros ilustrados para o p\u00fablico infantil e juvenil, tendo recebido v\u00e1rios pr\u00eamios no Brasil e no exterior. Entre eles, recebeu por tr\u00eas vezes o pr\u00eamio Jabuti e pr\u00eamios da Funda\u00e7\u00e3o Nacional do Livro Infantil e Juvenil.[\/vc_column_text][\/vc_column][vc_column width=&#8221;1\/4&#8243;][\/vc_column][\/vc_row][vc_row full_width=&#8221;stretch_row&#8221; css=&#8221;.vc_custom_1560801804988{background-color: #fff0de !important;}&#8221;][vc_column width=&#8221;1\/2&#8243;][vc_column_text]<a href=\"https:\/\/www.instagram.com\/katiacanton.artepsicanalise\/\"><img loading=\"lazy\" decoding=\"async\" class=\"alignnone wp-image-1658 size-full\" src=\"https:\/\/katiacanton.com.br\/wp-content\/uploads\/2019\/06\/insta.png\" alt=\"\" width=\"44\" height=\"44\" \/><\/a>\u00a0\u00a0<a href=\"https:\/\/www.facebook.com\/katia.canton.3\"><img loading=\"lazy\" decoding=\"async\" class=\"alignnone size-full wp-image-1657\" src=\"https:\/\/katiacanton.com.br\/wp-content\/uploads\/2019\/06\/face.png\" alt=\"\" width=\"44\" height=\"44\" \/><\/a>[\/vc_column_text][\/vc_column][vc_column width=&#8221;1\/2&#8243;][vc_single_image image=&#8221;1659&#8243; img_size=&#8221;full&#8221; alignment=&#8221;right&#8221;][\/vc_column][\/vc_row]<\/p>\n","protected":false},"excerpt":{"rendered":"<p>[vc_row full_width=&#8221;stretch_row&#8221; css=&#8221;.vc_custom_1560801725013{padding-top: 60px !important;padding-right: 20px !important;padding-bottom: 30px !important;padding-left: 20px !important;background-color: #fff0de !important;}&#8221;][vc_column width=&#8221;1\/4&#8243;][\/vc_column][vc_column width=&#8221;1\/2&#8243;][vc_custom_heading text=&#8221;BIO&#8221; font_container=&#8221;tag:h1|text_align:center|color:%23f06a41&#8243; use_theme_fonts=&#8221;yes&#8221; css=&#8221;.vc_custom_1560801560565{background-position: center !important;background-repeat: no-repeat !important;background-size: contain !important;}&#8221;][vc_single_image image=&#8221;1697&#8243; img_size=&#8221;full&#8221; alignment=&#8221;center&#8221;][vc_column_text]Katia Canton \u00e9 psicanalista, escritora e artista visual. Estudou arquitetura, dan\u00e7a e formou-se jornalista pela ECA USP, em S\u00e3o Paulo. Tamb\u00e9m estudou literatura e civiliza\u00e7\u00e3o francesas no curso &hellip; <a href=\"https:\/\/katiacanton.com.br\/?page_id=1696\" title=\"bio\" class=\"read-more\">Read More<\/a><\/p>\n","protected":false},"author":1,"featured_media":0,"parent":0,"menu_order":0,"comment_status":"closed","ping_status":"closed","template":"","meta":{"footnotes":""},"class_list":["post-1696","page","type-page","status-publish","hentry"],"_links":{"self":[{"href":"https:\/\/katiacanton.com.br\/index.php?rest_route=\/wp\/v2\/pages\/1696","targetHints":{"allow":["GET"]}}],"collection":[{"href":"https:\/\/katiacanton.com.br\/index.php?rest_route=\/wp\/v2\/pages"}],"about":[{"href":"https:\/\/katiacanton.com.br\/index.php?rest_route=\/wp\/v2\/types\/page"}],"author":[{"embeddable":true,"href":"https:\/\/katiacanton.com.br\/index.php?rest_route=\/wp\/v2\/users\/1"}],"replies":[{"embeddable":true,"href":"https:\/\/katiacanton.com.br\/index.php?rest_route=%2Fwp%2Fv2%2Fcomments&post=1696"}],"version-history":[{"count":11,"href":"https:\/\/katiacanton.com.br\/index.php?rest_route=\/wp\/v2\/pages\/1696\/revisions"}],"predecessor-version":[{"id":2774,"href":"https:\/\/katiacanton.com.br\/index.php?rest_route=\/wp\/v2\/pages\/1696\/revisions\/2774"}],"wp:attachment":[{"href":"https:\/\/katiacanton.com.br\/index.php?rest_route=%2Fwp%2Fv2%2Fmedia&parent=1696"}],"curies":[{"name":"wp","href":"https:\/\/api.w.org\/{rel}","templated":true}]}}