{"id":1740,"date":"2019-06-17T21:21:35","date_gmt":"2019-06-17T21:21:35","guid":{"rendered":"https:\/\/katiacanton.com.br\/?page_id=1740"},"modified":"2019-08-09T19:36:33","modified_gmt":"2019-08-09T19:36:33","slug":"ontem","status":"publish","type":"page","link":"https:\/\/katiacanton.com.br\/?page_id=1740","title":{"rendered":"ontem"},"content":{"rendered":"<p>[vc_row full_width=&#8221;stretch_row&#8221; css=&#8221;.vc_custom_1560806720104{padding-top: 20px !important;padding-bottom: 25px !important;background-image: url(https:\/\/katiacanton.com.br\/wp-content\/uploads\/2019\/06\/head_ontem.jpg?id=1741) !important;}&#8221;][vc_column width=&#8221;1\/6&#8243;][\/vc_column][vc_column width=&#8221;2\/3&#8243;][vc_custom_heading text=&#8221;OBRAS&#8221; font_container=&#8221;tag:h4|text_align:center|color:%23ffffff&#8221; use_theme_fonts=&#8221;yes&#8221; css=&#8221;.vc_custom_1562678576585{margin-bottom: 0px !important;border-bottom-width: 0px !important;padding-top: 0px !important;padding-bottom: 0px !important;background-position: center !important;background-repeat: no-repeat !important;background-size: contain !important;}&#8221;][vc_custom_heading text=&#8221;ONTEM&#8221; font_container=&#8221;tag:h1|text_align:center|color:%23ffffff&#8221; use_theme_fonts=&#8221;yes&#8221; css=&#8221;.vc_custom_1560806558235{margin-top: 0px !important;margin-bottom: 0px !important;border-top-width: 0px !important;border-bottom-width: 0px !important;padding-top: 0px !important;padding-bottom: 0px !important;background-position: center !important;background-repeat: no-repeat !important;background-size: contain !important;}&#8221;][\/vc_column][vc_column width=&#8221;1\/6&#8243;][\/vc_column][\/vc_row][vc_row full_width=&#8221;stretch_row&#8221; css=&#8221;.vc_custom_1562678566342{background-color: #ffffff !important;}&#8221;][vc_column][vc_gallery interval=&#8221;0&#8243; images=&#8221;1742,1743,1744,1745,1746,1747,1748,1749,1750,1751,1752,1753,1754,1755,1756,1757,1758,1759,1760,1761,1762,1763,1764,1765,1766,1767,1768,1769&#8243; img_size=&#8221;full&#8221;][\/vc_column][\/vc_row][vc_row full_width=&#8221;stretch_row&#8221; css=&#8221;.vc_custom_1560801804988{background-color: #fff0de !important;}&#8221;][vc_column width=&#8221;1\/6&#8243;][\/vc_column][vc_column width=&#8221;2\/3&#8243;][vc_column_text]Era necess\u00e1rio chegar mais perto, entrar em rela\u00e7\u00e3o e criar uma escuta para a inven\u00e7\u00e3o. Cenas da vida permanentemente em movimento, a presen\u00e7a de certas hist\u00f3rias, marcas na subjetividade, a cria\u00e7\u00e3o de espa\u00e7o para o sil\u00eancio e para uma certa solid\u00e3o acolheram algo que se aprontava h\u00e1 tempo.<\/p>\n<p>Ontem se ocupa do lugar da mem\u00f3ria, tanto aquele da inf\u00e2ncia da artista, povoada pelos contos de fadas, quanto da pr\u00f3pria narrativa dessas hist\u00f3rias, ancestrais na origem, e que foram adquirindo camadas de diferentes vers\u00f5es, \u00e0 medida da passagem do tempo. O que interessa nessas produ\u00e7\u00f5es? Seus fluxos, seus embates e enfrentamentos, seus convites, suas feituras, sua coragem, seus adentramentos.<\/p>\n<p>As s\u00e9ries de Katia Canton mostram interesses surgidos desde muito cedo na vida da artista e perpetuam campos de cria\u00e7\u00e3o que prosseguem e se fazem presentes. A vontade de fazer desenhos, pinturas e fotografias a faz retomar uma trajet\u00f3ria com itiner\u00e1rios contundentes e cr\u00edticos. As obras enunciam uma for\u00e7a sens\u00edvel e atualizam a sua singular experi\u00eancia do feminino pelo vi\u00e9s de diferentes sensa\u00e7\u00f5es, mobilizadas por imagens produzidas em experi\u00eancias de qualidades paradoxais: fantasiosas, delicadas, esgar\u00e7adas, devastadas, prazerosas, ilusoriamente persistentes, provocantes. Todas essas configura\u00e7\u00f5es est\u00e3o presentes numa contemporaneidade controversa e abrem um debate acerca deste tema.<\/p>\n<p>Experi\u00eancias do feminino contempor\u00e2neo se mesclam com mem\u00f3rias e, em suas varia\u00e7\u00f5es, ressoam nas pinturas, desenhos, fotografias, objetos, instala\u00e7\u00f5es, narrativas po\u00e9ticas.<\/p>\n<p>As produ\u00e7\u00f5es definem lugares e, numa extens\u00e3o, se comunicam com a forma masculina, provocando-a, qualificando emo\u00e7\u00f5es, apontando fragilidades e viol\u00eancias. Feminino e masculino, disposi\u00e7\u00f5es tratadas como mat\u00e9rias sens\u00edveis e contempor\u00e2neas, s\u00e3o revestidas ora com humor e gra\u00e7a, ora com gravidade.<\/p>\n<p>Imagens s\u00e3o paradoxais: nuvens de fantasia, sonhos e realidades, lucidez e sensa\u00e7\u00f5es revisitadas a partir do tempo passado encarnam a atual materializa\u00e7\u00e3o. \u00c9 no exerc\u00edcio das semelhan\u00e7as e das diferencia\u00e7\u00f5es que um convite aqui se faz. Trata-se de descobrir, nas formas apresentadas por Katia, como acessar as for\u00e7as er\u00f3ticas, aquelas que nos ligam \u00e0 vida, que nos curam, que acendem o desejo de viver, de prosseguir e de intensificar esse viver.<\/p>\n<p><strong>Eliane Dias de Castro<\/strong><br \/>\nPesquisadora, prof\u00aa. doutora do Depto. de Terapia Ocupacional da FMUSP e curadora independente[\/vc_column_text][\/vc_column][vc_column width=&#8221;1\/6&#8243;][\/vc_column][\/vc_row][vc_row full_width=&#8221;stretch_row&#8221; css=&#8221;.vc_custom_1560801804988{background-color: #fff0de !important;}&#8221;][vc_column width=&#8221;1\/2&#8243;][vc_column_text]<a href=\"https:\/\/www.instagram.com\/katia.canton\/\"> <img loading=\"lazy\" decoding=\"async\" class=\"alignnone size-full wp-image-1658\" src=\"https:\/\/katiacanton.com.br\/wp-content\/uploads\/2019\/06\/insta.png\" alt=\"\" width=\"44\" height=\"44\" \/><\/a>\u00a0\u00a0<a href=\"https:\/\/www.facebook.com\/katia.canton.3\"><img loading=\"lazy\" decoding=\"async\" class=\"alignnone size-full wp-image-1657\" src=\"https:\/\/katiacanton.com.br\/wp-content\/uploads\/2019\/06\/face.png\" alt=\"\" width=\"44\" height=\"44\" \/><\/a>[\/vc_column_text][\/vc_column][vc_column width=&#8221;1\/2&#8243;][vc_single_image image=&#8221;1659&#8243; img_size=&#8221;full&#8221; alignment=&#8221;right&#8221;][\/vc_column][\/vc_row]<\/p>\n","protected":false},"excerpt":{"rendered":"<p>[vc_row full_width=&#8221;stretch_row&#8221; css=&#8221;.vc_custom_1560806720104{padding-top: 20px !important;padding-bottom: 25px !important;background-image: url(https:\/\/katiacanton.com.br\/wp-content\/uploads\/2019\/06\/head_ontem.jpg?id=1741) !important;}&#8221;][vc_column width=&#8221;1\/6&#8243;][\/vc_column][vc_column width=&#8221;2\/3&#8243;][vc_custom_heading text=&#8221;OBRAS&#8221; font_container=&#8221;tag:h4|text_align:center|color:%23ffffff&#8221; use_theme_fonts=&#8221;yes&#8221; css=&#8221;.vc_custom_1562678576585{margin-bottom: 0px !important;border-bottom-width: 0px !important;padding-top: 0px !important;padding-bottom: 0px !important;background-position: center !important;background-repeat: no-repeat !important;background-size: contain !important;}&#8221;][vc_custom_heading text=&#8221;ONTEM&#8221; font_container=&#8221;tag:h1|text_align:center|color:%23ffffff&#8221; use_theme_fonts=&#8221;yes&#8221; css=&#8221;.vc_custom_1560806558235{margin-top: 0px !important;margin-bottom: 0px !important;border-top-width: 0px !important;border-bottom-width: 0px !important;padding-top: 0px !important;padding-bottom: 0px !important;background-position: center !important;background-repeat: no-repeat !important;background-size: contain !important;}&#8221;][\/vc_column][vc_column width=&#8221;1\/6&#8243;][\/vc_column][\/vc_row][vc_row full_width=&#8221;stretch_row&#8221; css=&#8221;.vc_custom_1562678566342{background-color: #ffffff &hellip; <a href=\"https:\/\/katiacanton.com.br\/?page_id=1740\" title=\"ontem\" class=\"read-more\">Read More<\/a><\/p>\n","protected":false},"author":1,"featured_media":0,"parent":0,"menu_order":0,"comment_status":"closed","ping_status":"closed","template":"","meta":{"footnotes":""},"class_list":["post-1740","page","type-page","status-publish","hentry"],"_links":{"self":[{"href":"https:\/\/katiacanton.com.br\/index.php?rest_route=\/wp\/v2\/pages\/1740","targetHints":{"allow":["GET"]}}],"collection":[{"href":"https:\/\/katiacanton.com.br\/index.php?rest_route=\/wp\/v2\/pages"}],"about":[{"href":"https:\/\/katiacanton.com.br\/index.php?rest_route=\/wp\/v2\/types\/page"}],"author":[{"embeddable":true,"href":"https:\/\/katiacanton.com.br\/index.php?rest_route=\/wp\/v2\/users\/1"}],"replies":[{"embeddable":true,"href":"https:\/\/katiacanton.com.br\/index.php?rest_route=%2Fwp%2Fv2%2Fcomments&post=1740"}],"version-history":[{"count":16,"href":"https:\/\/katiacanton.com.br\/index.php?rest_route=\/wp\/v2\/pages\/1740\/revisions"}],"predecessor-version":[{"id":2736,"href":"https:\/\/katiacanton.com.br\/index.php?rest_route=\/wp\/v2\/pages\/1740\/revisions\/2736"}],"wp:attachment":[{"href":"https:\/\/katiacanton.com.br\/index.php?rest_route=%2Fwp%2Fv2%2Fmedia&parent=1740"}],"curies":[{"name":"wp","href":"https:\/\/api.w.org\/{rel}","templated":true}]}}