{"id":1786,"date":"2019-06-18T16:40:57","date_gmt":"2019-06-18T16:40:57","guid":{"rendered":"https:\/\/katiacanton.com.br\/?page_id=1786"},"modified":"2024-07-16T12:42:53","modified_gmt":"2024-07-16T12:42:53","slug":"fotografia","status":"publish","type":"page","link":"https:\/\/katiacanton.com.br\/?page_id=1786","title":{"rendered":"fotografia"},"content":{"rendered":"<p>[vc_row full_width=&#8221;stretch_row&#8221; css=&#8221;.vc_custom_1560961359296{padding-top: 20px !important;padding-bottom: 25px !important;background-image: url(https:\/\/katiacanton.com.br\/wp-content\/uploads\/2019\/06\/abre_foto.jpg?id=2061) !important;}&#8221;][vc_column width=&#8221;1\/6&#8243;][\/vc_column][vc_column width=&#8221;2\/3&#8243;][vc_custom_heading text=&#8221;OBRAS&#8221; font_container=&#8221;tag:h4|text_align:center|color:%23ffffff&#8221; use_theme_fonts=&#8221;yes&#8221; css=&#8221;.vc_custom_1562678293630{margin-bottom: 0px !important;border-bottom-width: 0px !important;padding-top: 0px !important;padding-bottom: 0px !important;background-position: center !important;background-repeat: no-repeat !important;background-size: contain !important;}&#8221;][vc_custom_heading text=&#8221;FOTOGRAFIA&#8221; font_container=&#8221;tag:h1|text_align:center|color:%23ffffff&#8221; use_theme_fonts=&#8221;yes&#8221; css=&#8221;.vc_custom_1560875907130{margin-top: 0px !important;margin-bottom: 0px !important;border-top-width: 0px !important;border-bottom-width: 0px !important;padding-top: 0px !important;padding-bottom: 0px !important;background-position: center !important;background-repeat: no-repeat !important;background-size: contain !important;}&#8221;][\/vc_column][vc_column width=&#8221;1\/6&#8243;][\/vc_column][\/vc_row][vc_row full_width=&#8221;stretch_row&#8221; css=&#8221;.vc_custom_1562678305598{background-color: #ffffff !important;}&#8221;][vc_column][vc_gallery interval=&#8221;0&#8243; images=&#8221;1834,1835,1836,1837,1838,1839,1840,1841,1842,1843,1844,1845,1846,1847,1848,1849,1850,1851,1852,1853,1854,1855,1856,1857&#8243; img_size=&#8221;full&#8221;][\/vc_column][\/vc_row][vc_row full_width=&#8221;stretch_row&#8221; css=&#8221;.vc_custom_1560801804988{background-color: #fff0de !important;}&#8221;][vc_column width=&#8221;1\/6&#8243;][\/vc_column][vc_column width=&#8221;2\/3&#8243;][vc_column_text]<\/p>\n<div class=\"rmwidget text force-repaint-content\" data-id=\"5a957b7b66c86b48f36802e7\">\n<div class=\"v2\">\n<p data-style-phone_portrait=\"line-height: 18px; font-size: 14px; padding-bottom: 15px;\" data-anchor-link-pos-phone_portrait=\"empty\"><span data-anchor-link-pos-phone_portrait=\"empty\">Porque est\u00e1 sempre onde a colocamos. E nunca a colocamos onde estamos. Da felicidade j\u00e1 se falou assim poeticamente tantas vezes. <\/span><\/p>\n<p data-style-phone_portrait=\"line-height: 18px; font-size: 14px; padding-bottom: 15px;\" data-anchor-link-pos-phone_portrait=\"empty\"><span data-anchor-link-pos-phone_portrait=\"empty\">Mas essa n\u00e3o \u00e9 de longe a \u00fanica quest\u00e3o ps\u00edquica que se desloca de onde deveria ficar e ali permanecer.\u00a0O que e onde era para ser er\u00f3tico e sexual tem se tornado enfadonho e o que n\u00e3o deveria ser ou ficar se faz morbidamente fascinante.<\/span><\/p>\n<p data-style-phone_portrait=\"line-height: 18px; font-size: 14px; padding-bottom: 15px;\" data-anchor-link-pos-phone_portrait=\"empty\"><span data-anchor-link-pos-phone_portrait=\"empty\">\u00c9 muito dif\u00edcil avaliar adequadamente as estat\u00edsticas de abuso sexual na inf\u00e2ncia mesmo em pa\u00edses desenvolvidos, mas aproximadamente 7% dos casos ocorrem em crian\u00e7as entre 5 e 8 anos, 15% se fazem abaixo dos 12 anos e quase 50% antes dos 18. Mais de 75% s\u00e3o meninas. <\/span><\/p>\n<p data-style-phone_portrait=\"line-height: 18px; font-size: 14px; padding-bottom: 15px;\" data-anchor-link-pos-phone_portrait=\"empty\"><span data-anchor-link-pos-phone_portrait=\"empty\">A erotiza\u00e7\u00e3o precoce da inf\u00e2ncia est\u00e1 intimamente relacionada com o abuso na inf\u00e2ncia. Por sua vez, o abuso sexual na inf\u00e2ncia est\u00e1 intimamente relacionado a problemas emocionais e doen\u00e7as psiqui\u00e1tricas na vida adulta.<\/span><\/p>\n<p data-style-phone_portrait=\"line-height: 18px; font-size: 14px; padding-bottom: 15px;\" data-anchor-link-pos-phone_portrait=\"empty\"><span data-anchor-link-pos-phone_portrait=\"empty\">Deslocado o erotismo para o lugar antes ocupado pela ingenuidade e pela inf\u00e2ncia, o corpo infantil deixa de ser para si e passa a ser para o outro. O olho do outro, o deleite do outro, o desejo do outro.<\/span><\/p>\n<p data-style-phone_portrait=\"line-height: 18px; font-size: 14px; padding-bottom: 15px;\" data-anchor-link-pos-phone_portrait=\"empty\"><span data-anchor-link-pos-phone_portrait=\"empty\">O padr\u00e3o de beleza ideal na ilhas Fiji at\u00e9 o in\u00edcio dos anos 1980 era para homens e para mulheres um corpo robusto e de formas avantajadas.<\/span><\/p>\n<p data-style-phone_portrait=\"line-height: 18px; font-size: 14px; padding-bottom: 15px;\" data-anchor-link-pos-phone_portrait=\"empty\"><span data-anchor-link-pos-phone_portrait=\"empty\">Problemas com dietas severas, anorexia nervosa e insatisfa\u00e7\u00e3o corporal eram raros ou inexistentes antes da eletrifica\u00e7\u00e3o e introdu\u00e7\u00e3o dos sinais de televis\u00e3o vindos dos Estados Unidos. Poucos anos depois, uma radical reavalia\u00e7\u00e3o negativa dos padr\u00f5es culturais de beleza tomou conta dos adolescentes.<\/span><\/p>\n<p data-style-phone_portrait=\"line-height: 18px; font-size: 14px; padding-bottom: 15px;\" data-anchor-link-pos-phone_portrait=\"empty\"><span data-anchor-link-pos-phone_portrait=\"empty\">\u201cN\u00e3o queremos ser como nossas m\u00e3es e nossos pais, n\u00e3o queremos ser assim como somos; queremos aquele corpo que vem da imagem\u201d tornou-se o cantoch\u00e3o.<\/span><\/p>\n<p data-style-phone_portrait=\"line-height: 18px; font-size: 14px; padding-bottom: 15px;\" data-anchor-link-pos-phone_portrait=\"empty\"><span data-anchor-link-pos-phone_portrait=\"empty\">Dietas severas, anorexia e bulimia, insatisfa\u00e7\u00e3o corporal e o desejo de moldar o corpo ao que se via pela televis\u00e3o tomaram conta de uma larga popula\u00e7\u00e3o de jovens ainda com seus corpos em forma\u00e7\u00e3o. <\/span><\/p>\n<p data-style-phone_portrait=\"line-height: 18px; font-size: 14px; padding-bottom: 15px;\" data-anchor-link-pos-phone_portrait=\"empty\"><span data-anchor-link-pos-phone_portrait=\"empty\">O corpo ideal est\u00e1 em outro corpo que n\u00e3o mais o meu e o corpo da minha cultura foi posto longe para me tantalizar.<\/span><\/p>\n<p data-style-phone_portrait=\"line-height: 18px; font-size: 14px; padding-bottom: 15px;\" data-anchor-link-pos-phone_portrait=\"empty\"><span data-anchor-link-pos-phone_portrait=\"empty\">Dotada de uma ironia desconcertante, a arte de Katia Canton denuncia e inquieta.<\/span><\/p>\n<p data-style-phone_portrait=\"line-height: 18px; font-size: 14px; padding-bottom: 15px;\" data-anchor-link-pos-phone_portrait=\"empty\"><span data-anchor-link-pos-phone_portrait=\"empty\">Com seus ursinhos, coelhinhos, brinquedos e bonecas que n\u00e3o deveriam se misturar com p\u00eanis, vaginas e barbies sensuais com botas longas.<\/span><\/p>\n<\/div>\n<p><strong>T\u00e1ki Athan\u00e1ssios Cord\u00e1s<br \/>\n<\/strong>M\u00e9dico psiquiatra, escritor e professor do Instituto de Psiquiatria da FMUSP<\/p>\n<\/div>\n<p>[\/vc_column_text][\/vc_column][vc_column width=&#8221;1\/6&#8243;][\/vc_column][\/vc_row][vc_row full_width=&#8221;stretch_row&#8221; css=&#8221;.vc_custom_1560801804988{background-color: #fff0de !important;}&#8221;][vc_column width=&#8221;1\/2&#8243;][vc_column_text]<a href=\"https:\/\/www.instagram.com\/katiacanton.artepsicanalise\/\"><img loading=\"lazy\" decoding=\"async\" class=\"alignnone wp-image-1658 size-full\" src=\"https:\/\/katiacanton.com.br\/wp-content\/uploads\/2019\/06\/insta.png\" alt=\"\" width=\"44\" height=\"44\" \/><\/a>\u00a0\u00a0<a href=\"https:\/\/www.facebook.com\/katia.canton.3\"><img loading=\"lazy\" decoding=\"async\" class=\"alignnone size-full wp-image-1657\" src=\"https:\/\/katiacanton.com.br\/wp-content\/uploads\/2019\/06\/face.png\" alt=\"\" width=\"44\" height=\"44\" \/><\/a>\u00a0 <a href=\"mailto:CONTATO@KATIACANTON.COM.BR\">CONTATO@KATIACANTON.COM.BR<\/a>[\/vc_column_text][\/vc_column][vc_column width=&#8221;1\/2&#8243;][vc_single_image image=&#8221;1659&#8243; img_size=&#8221;full&#8221; alignment=&#8221;right&#8221;][\/vc_column][\/vc_row]<\/p>\n","protected":false},"excerpt":{"rendered":"<p>[vc_row full_width=&#8221;stretch_row&#8221; css=&#8221;.vc_custom_1560961359296{padding-top: 20px !important;padding-bottom: 25px !important;background-image: url(https:\/\/katiacanton.com.br\/wp-content\/uploads\/2019\/06\/abre_foto.jpg?id=2061) !important;}&#8221;][vc_column width=&#8221;1\/6&#8243;][\/vc_column][vc_column width=&#8221;2\/3&#8243;][vc_custom_heading text=&#8221;OBRAS&#8221; font_container=&#8221;tag:h4|text_align:center|color:%23ffffff&#8221; use_theme_fonts=&#8221;yes&#8221; css=&#8221;.vc_custom_1562678293630{margin-bottom: 0px !important;border-bottom-width: 0px !important;padding-top: 0px !important;padding-bottom: 0px !important;background-position: center !important;background-repeat: no-repeat !important;background-size: contain !important;}&#8221;][vc_custom_heading text=&#8221;FOTOGRAFIA&#8221; font_container=&#8221;tag:h1|text_align:center|color:%23ffffff&#8221; use_theme_fonts=&#8221;yes&#8221; css=&#8221;.vc_custom_1560875907130{margin-top: 0px !important;margin-bottom: 0px !important;border-top-width: 0px !important;border-bottom-width: 0px !important;padding-top: 0px !important;padding-bottom: 0px !important;background-position: center !important;background-repeat: no-repeat !important;background-size: contain !important;}&#8221;][\/vc_column][vc_column width=&#8221;1\/6&#8243;][\/vc_column][\/vc_row][vc_row full_width=&#8221;stretch_row&#8221; css=&#8221;.vc_custom_1562678305598{background-color: #ffffff &hellip; <a href=\"https:\/\/katiacanton.com.br\/?page_id=1786\" title=\"fotografia\" class=\"read-more\">Read More<\/a><\/p>\n","protected":false},"author":1,"featured_media":0,"parent":0,"menu_order":0,"comment_status":"closed","ping_status":"closed","template":"","meta":{"footnotes":""},"class_list":["post-1786","page","type-page","status-publish","hentry"],"_links":{"self":[{"href":"https:\/\/katiacanton.com.br\/index.php?rest_route=\/wp\/v2\/pages\/1786","targetHints":{"allow":["GET"]}}],"collection":[{"href":"https:\/\/katiacanton.com.br\/index.php?rest_route=\/wp\/v2\/pages"}],"about":[{"href":"https:\/\/katiacanton.com.br\/index.php?rest_route=\/wp\/v2\/types\/page"}],"author":[{"embeddable":true,"href":"https:\/\/katiacanton.com.br\/index.php?rest_route=\/wp\/v2\/users\/1"}],"replies":[{"embeddable":true,"href":"https:\/\/katiacanton.com.br\/index.php?rest_route=%2Fwp%2Fv2%2Fcomments&post=1786"}],"version-history":[{"count":9,"href":"https:\/\/katiacanton.com.br\/index.php?rest_route=\/wp\/v2\/pages\/1786\/revisions"}],"predecessor-version":[{"id":2764,"href":"https:\/\/katiacanton.com.br\/index.php?rest_route=\/wp\/v2\/pages\/1786\/revisions\/2764"}],"wp:attachment":[{"href":"https:\/\/katiacanton.com.br\/index.php?rest_route=%2Fwp%2Fv2%2Fmedia&parent=1786"}],"curies":[{"name":"wp","href":"https:\/\/api.w.org\/{rel}","templated":true}]}}