{"id":1833,"date":"2019-06-18T16:33:55","date_gmt":"2019-06-18T16:33:55","guid":{"rendered":"https:\/\/katiacanton.com.br\/?page_id=1833"},"modified":"2019-08-09T19:23:33","modified_gmt":"2019-08-09T19:23:33","slug":"cura","status":"publish","type":"page","link":"https:\/\/katiacanton.com.br\/?page_id=1833","title":{"rendered":"cura"},"content":{"rendered":"<p>[vc_row full_width=&#8221;stretch_row&#8221; css=&#8221;.vc_custom_1562678122185{padding-top: 20px !important;padding-bottom: 35px !important;background-image: url(https:\/\/katiacanton.com.br\/wp-content\/uploads\/2019\/06\/abre_cura.jpg?id=2057) !important;}&#8221;][vc_column width=&#8221;1\/6&#8243;][\/vc_column][vc_column width=&#8221;2\/3&#8243;][vc_custom_heading text=&#8221;OBRAS&#8221; font_container=&#8221;tag:h4|text_align:center|color:%23ffffff&#8221; use_theme_fonts=&#8221;yes&#8221; css=&#8221;.vc_custom_1562678103949{margin-bottom: 0px !important;border-bottom-width: 0px !important;padding-top: 0px !important;padding-bottom: 0px !important;background-position: center !important;background-repeat: no-repeat !important;background-size: contain !important;}&#8221;][vc_custom_heading text=&#8221;CURA&#8221; font_container=&#8221;tag:h1|text_align:center|color:%23ffffff&#8221; use_theme_fonts=&#8221;yes&#8221; css=&#8221;.vc_custom_1560874973667{margin-top: 0px !important;margin-bottom: 0px !important;border-top-width: 0px !important;border-bottom-width: 0px !important;padding-top: 0px !important;padding-bottom: 0px !important;background-position: center !important;background-repeat: no-repeat !important;background-size: contain !important;}&#8221;][\/vc_column][vc_column width=&#8221;1\/6&#8243;][\/vc_column][\/vc_row][vc_row full_width=&#8221;stretch_row&#8221; css=&#8221;.vc_custom_1562678052166{background-color: #ffffff !important;}&#8221;][vc_column][vc_gallery interval=&#8221;0&#8243; images=&#8221;1806,1820,1807,1810,1821,1813,1812,1804,1815,1817,1809,1826,1827,1828,1829,1830,1831,1818,1805,1816,1819,1814,1823,1824,1822,1825&#8243; img_size=&#8221;full&#8221;][\/vc_column][\/vc_row][vc_row full_width=&#8221;stretch_row&#8221; css=&#8221;.vc_custom_1560801804988{background-color: #fff0de !important;}&#8221;][vc_column width=&#8221;1\/6&#8243;][\/vc_column][vc_column width=&#8221;2\/3&#8243;][vc_column_text]<\/p>\n<div class=\"rmwidget text force-repaint-content\" data-id=\"5a957b7b66c86b48f36802e7\">\n<div class=\"v2\">\n<p data-style-phone_portrait=\"line-height: 18px; font-size: 14px; padding-bottom: 15px;\" data-anchor-link-pos-phone_portrait=\"empty\"><span data-anchor-link-pos-phone_portrait=\"empty\">Apesar de ter crescido ouvindo contos de fadas, eu havia me esquecido do poder que eles possuem de dar forma a um determinado modo de compreender o mundo at\u00e9 minha filha de dez anos ter recebido a tarefa de criar seu pr\u00f3prio conto de fadas na aula de ingl\u00eas. Lendo seu conto, com um toque contempor\u00e2neo, mas ainda assim mantendo a estrutura dos contos de fadas tradicionais, lembrei-me de Walter Benjamin e de sua ideia de que o conto de fadas \u00e9 o nosso primeiro professor, no sentido de nos mostrar modos de comportamento, de relacionamento com os outros e de como devemos ou n\u00e3o confiar em determinadas pessoas em situa\u00e7\u00f5es da vida cotidiana. <\/span><\/p>\n<p data-style-phone_portrait=\"line-height: 18px; font-size: 14px; padding-bottom: 15px;\" data-anchor-link-pos-phone_portrait=\"empty\"><span data-anchor-link-pos-phone_portrait=\"empty\">Jeitos de nos portar no mundo e de nos relacionar com outras pessoas n\u00e3o s\u00e3o universais ou neutros, mas sim constru\u00eddos a partir de nossas experi\u00eancias de classe social, ra\u00e7a, religi\u00e3o, etnia, g\u00eanero e sexualidade. A impressionante produ\u00e7\u00e3o de obras de Katia Canton em v\u00e1rios meios e suportes, do desenho \u00e0 pintura, passando pela fotografia e instala\u00e7\u00e3o, seduz o espectador fazendo-o pensar naquilo que a artista chama de \u201cconto de fadas de cada vida\u201d \u2013 sua pr\u00f3pria hist\u00f3ria, sua constru\u00e7\u00e3o social, sua fantasias e desejos e os sentidos que elas t\u00eam no tempo.<\/span><\/p>\n<p data-style-phone_portrait=\"line-height: 18px; font-size: 14px; padding-bottom: 15px;\" data-anchor-link-pos-phone_portrait=\"empty\"><span data-anchor-link-pos-phone_portrait=\"empty\">Apesar de Benjamin referir-se ao primeiro contador de hist\u00f3rias como aquele que narra, os pintores das cavernas criaram tamb\u00e9m narrativas e podem ser vistos como contadores de hist\u00f3rias. A obra de Katia Canton, baseada em hist\u00f3rias, poemas e contos de fadas d\u00e1 continuidade \u00e0s qualidades aleg\u00f3ricas presentes nos primeiros contadores de hist\u00f3rias, ainda que a partir do ponto de vista da contemporaneidade. Tomando emprestadas suas palavras, \u201cmeu trabalho articula a pot\u00eancia da arte enquanto contadora de hist\u00f3rias para produzir experi\u00eancias humanas m\u00e1gicas e transcendentes\u201d. <\/span><\/p>\n<p data-style-phone_portrait=\"line-height: 18px; font-size: 14px; padding-bottom: 15px; padding-left: 0px;\" data-anchor-link-pos-phone_portrait=\"empty\"><span data-anchor-link-pos-phone_portrait=\"empty\">O papel de um ator teatral, como sugere Jacques Ranci\u00e8re, \u00e9 o de um contador de hist\u00f3ras que cria uma comunidade emancipada de artistas-contadores juntamente com seu p\u00fablico. <\/span><\/p>\n<p data-style-phone_portrait=\"line-height: 18px; font-size: 14px; padding-bottom: 15px; padding-left: 54px;\" data-anchor-link-pos-phone_portrait=\"empty\"><span data-anchor-link-pos-phone_portrait=\"empty\">Artistas, como pesquisadores, constroem um palco onde manifesta\u00e7\u00e3o e efeito de sua compet\u00eancia tornam-se d\u00fabios \u00e0 medida em que criam uma nova aventura num novo idioma. O efeito de um idioma n\u00e3o pode ser previsto. Ele convoca os espectadores, que se tornam int\u00e9rpretes ativos, que fazem sua pr\u00f3pria tradu\u00e7\u00e3o e se apropriam das hist\u00f3rias para si mesmos, criando ao final um conto pr\u00f3prio. Uma comunidade emancipada \u00e9 na verdade feita de contadores de hist\u00f3rias e de seus tradutores.\u201d<\/span><\/p>\n<p data-style-phone_portrait=\"line-height: 18px; font-size: 14px; padding-bottom: 15px;\" data-anchor-link-pos-phone_portrait=\"empty\"><span data-anchor-link-pos-phone_portrait=\"empty\">Como uma contadora de hist\u00f3rias habilidosa, Katia Canton cria a instala\u00e7\u00e3o Rapunzel, que me remete ao que Jacques Ranci\u00e8re chama de comunidade emancipada. Ali, pregadas a uma \u00e1rvore, est\u00e3o v\u00e1rias perucas, com fios de tamanhos diversos, tingidos em diferentes cores. A obra me afeta como espectadora e me perturba, fazendo-me pensar na hist\u00f3ria de linchamentos nos Estados Unidos. Essa minha alus\u00e3o \u00e9 baseada na minha pr\u00f3pria hist\u00f3ria, como uma pessoa de pele escura, vivendo num pa\u00eds onde desde a escravid\u00e3o perdura uma consistente brutalidade contra os afro-americanos. Forjando uma comunidade atrav\u00e9s de suas obras de arte, Katia Canton est\u00e1 acessando hist\u00f3rias de privil\u00e9gio e de opress\u00e3o que ainda povoam nosso mundo local e globalmente.<\/span><\/p>\n<p data-style-phone_portrait=\"line-height: 18px; font-size: 14px; padding-bottom: 15px;\" data-anchor-link-pos-phone_portrait=\"empty\"><span data-anchor-link-pos-phone_portrait=\"empty\">Como aprendo com Katia, os contos de fadas que lemos para as crian\u00e7as ou a que assistimos nos desenhos animados da Disney emergiram num momento particular da hist\u00f3ria. Os mesmos contos, como Chapeuzinho Vermelho ou Rapunzel, falavam de uma hist\u00f3ria bem diferente no passado, uma hist\u00f3ria mais brutal, opressiva, mis\u00f3gina. Criando a partir de seus interesses de inf\u00e2ncia e dos muitos anos que dedica \u00e0 pesquisa da hist\u00f3ria dos contos de fadas, sua s\u00e9rie Contos de Fadas: Personagens deixa vis\u00edveis a tens\u00e3o entre o trauma e a magia nos contos de fadas. Instantaneamente reconhecemos os personagens dos contos que s\u00e3o retratados em fortes pinceladas, enunciando a opress\u00e3o de g\u00eanero ao mesmo tempo em que celebra a for\u00e7a do feminino. <\/span><\/p>\n<p data-style-phone_portrait=\"line-height: 18px; font-size: 14px; padding-bottom: 15px;\" data-anchor-link-pos-phone_portrait=\"empty\"><span data-anchor-link-pos-phone_portrait=\"empty\">Cavocando minhas mem\u00f3rias sobre os contos de fadas ocidentais como s\u00edmbolos de romance, beleza e aventura, me vejo aprendendo novas li\u00e7\u00f5es que me permitem imaginar um mundo novo, onde dignidade humana, equanimidade e paz se tornem presentes. Isso tudo pode soar como um conto de fadas, se considerarmos a realidade que nos rodeia hoje, plena de desigualdades e guerras constantes; mas o que as obras de arte de Katia nos mostram \u00e9 a necessidade de contarmos novas hist\u00f3rias, que precisam ainda ser inventadas.<\/span><\/p>\n<p data-style-phone_portrait=\"line-height: 18px; font-size: 14px; padding-bottom: 15px;\" data-anchor-link-pos-phone_portrait=\"empty\"><strong>Dipti Desai<\/strong><\/p>\n<\/div>\n<\/div>\n<div class=\"rmwidget text force-repaint-content\" data-id=\"5a957b7b66c86b48f36802ea\">\n<div class=\"v2\">\n<p>Associate Professor and Director of the Graduate Art + Education Programs of Steinhardt School, NYU<\/p>\n<\/div>\n<\/div>\n<p>[\/vc_column_text][\/vc_column][vc_column width=&#8221;1\/6&#8243;][\/vc_column][\/vc_row][vc_row full_width=&#8221;stretch_row&#8221; css=&#8221;.vc_custom_1560801804988{background-color: #fff0de !important;}&#8221;][vc_column width=&#8221;1\/2&#8243;][vc_column_text]<a href=\"https:\/\/www.instagram.com\/katia.canton\/\"> <img loading=\"lazy\" decoding=\"async\" class=\"alignnone size-full wp-image-1658\" src=\"https:\/\/katiacanton.com.br\/wp-content\/uploads\/2019\/06\/insta.png\" alt=\"\" width=\"44\" height=\"44\" \/><\/a>\u00a0\u00a0<a href=\"https:\/\/www.facebook.com\/katia.canton.3\"><img loading=\"lazy\" decoding=\"async\" class=\"alignnone size-full wp-image-1657\" src=\"https:\/\/katiacanton.com.br\/wp-content\/uploads\/2019\/06\/face.png\" alt=\"\" width=\"44\" height=\"44\" \/><\/a>[\/vc_column_text][\/vc_column][vc_column width=&#8221;1\/2&#8243;][vc_single_image image=&#8221;1659&#8243; img_size=&#8221;full&#8221; alignment=&#8221;right&#8221;][\/vc_column][\/vc_row]<\/p>\n","protected":false},"excerpt":{"rendered":"<p>[vc_row full_width=&#8221;stretch_row&#8221; css=&#8221;.vc_custom_1562678122185{padding-top: 20px !important;padding-bottom: 35px !important;background-image: url(https:\/\/katiacanton.com.br\/wp-content\/uploads\/2019\/06\/abre_cura.jpg?id=2057) !important;}&#8221;][vc_column width=&#8221;1\/6&#8243;][\/vc_column][vc_column width=&#8221;2\/3&#8243;][vc_custom_heading text=&#8221;OBRAS&#8221; font_container=&#8221;tag:h4|text_align:center|color:%23ffffff&#8221; use_theme_fonts=&#8221;yes&#8221; css=&#8221;.vc_custom_1562678103949{margin-bottom: 0px !important;border-bottom-width: 0px !important;padding-top: 0px !important;padding-bottom: 0px !important;background-position: center !important;background-repeat: no-repeat !important;background-size: contain !important;}&#8221;][vc_custom_heading text=&#8221;CURA&#8221; font_container=&#8221;tag:h1|text_align:center|color:%23ffffff&#8221; use_theme_fonts=&#8221;yes&#8221; css=&#8221;.vc_custom_1560874973667{margin-top: 0px !important;margin-bottom: 0px !important;border-top-width: 0px !important;border-bottom-width: 0px !important;padding-top: 0px !important;padding-bottom: 0px !important;background-position: center !important;background-repeat: no-repeat !important;background-size: contain !important;}&#8221;][\/vc_column][vc_column width=&#8221;1\/6&#8243;][\/vc_column][\/vc_row][vc_row full_width=&#8221;stretch_row&#8221; css=&#8221;.vc_custom_1562678052166{background-color: #ffffff &hellip; <a href=\"https:\/\/katiacanton.com.br\/?page_id=1833\" title=\"cura\" class=\"read-more\">Read More<\/a><\/p>\n","protected":false},"author":1,"featured_media":0,"parent":0,"menu_order":0,"comment_status":"closed","ping_status":"closed","template":"","meta":{"footnotes":""},"class_list":["post-1833","page","type-page","status-publish","hentry"],"_links":{"self":[{"href":"https:\/\/katiacanton.com.br\/index.php?rest_route=\/wp\/v2\/pages\/1833","targetHints":{"allow":["GET"]}}],"collection":[{"href":"https:\/\/katiacanton.com.br\/index.php?rest_route=\/wp\/v2\/pages"}],"about":[{"href":"https:\/\/katiacanton.com.br\/index.php?rest_route=\/wp\/v2\/types\/page"}],"author":[{"embeddable":true,"href":"https:\/\/katiacanton.com.br\/index.php?rest_route=\/wp\/v2\/users\/1"}],"replies":[{"embeddable":true,"href":"https:\/\/katiacanton.com.br\/index.php?rest_route=%2Fwp%2Fv2%2Fcomments&post=1833"}],"version-history":[{"count":6,"href":"https:\/\/katiacanton.com.br\/index.php?rest_route=\/wp\/v2\/pages\/1833\/revisions"}],"predecessor-version":[{"id":2721,"href":"https:\/\/katiacanton.com.br\/index.php?rest_route=\/wp\/v2\/pages\/1833\/revisions\/2721"}],"wp:attachment":[{"href":"https:\/\/katiacanton.com.br\/index.php?rest_route=%2Fwp%2Fv2%2Fmedia&parent=1833"}],"curies":[{"name":"wp","href":"https:\/\/api.w.org\/{rel}","templated":true}]}}