{"id":1859,"date":"2019-06-18T16:39:44","date_gmt":"2019-06-18T16:39:44","guid":{"rendered":"https:\/\/katiacanton.com.br\/?page_id=1859"},"modified":"2024-07-16T12:45:15","modified_gmt":"2024-07-16T12:45:15","slug":"castelos-de-areia","status":"publish","type":"page","link":"https:\/\/katiacanton.com.br\/?page_id=1859","title":{"rendered":"castelos de areia"},"content":{"rendered":"<p>[vc_row full_width=&#8221;stretch_row&#8221; css=&#8221;.vc_custom_1562678216465{padding-top: 20px !important;padding-bottom: 35px !important;background-image: url(https:\/\/katiacanton.com.br\/wp-content\/uploads\/2019\/06\/abre_castelo3.jpg?id=2054) !important;}&#8221;][vc_column width=&#8221;1\/6&#8243;][\/vc_column][vc_column width=&#8221;2\/3&#8243;][vc_custom_heading text=&#8221;OBRAS&#8221; font_container=&#8221;tag:h4|text_align:center|color:%23ffffff&#8221; use_theme_fonts=&#8221;yes&#8221; css=&#8221;.vc_custom_1562678203665{margin-bottom: 0px !important;border-bottom-width: 0px !important;padding-top: 0px !important;padding-bottom: 0px !important;background-position: center !important;background-repeat: no-repeat !important;background-size: contain !important;}&#8221;][vc_custom_heading text=&#8221;CASTELOS DE AREIA&#8221; font_container=&#8221;tag:h1|text_align:center|color:%23ffffff&#8221; use_theme_fonts=&#8221;yes&#8221; css=&#8221;.vc_custom_1560874425347{margin-top: 0px !important;margin-bottom: 0px !important;border-top-width: 0px !important;border-bottom-width: 0px !important;padding-top: 0px !important;padding-bottom: 0px !important;background-position: center !important;background-repeat: no-repeat !important;background-size: contain !important;}&#8221;][\/vc_column][vc_column width=&#8221;1\/6&#8243;][\/vc_column][\/vc_row][vc_row full_width=&#8221;stretch_row&#8221; css=&#8221;.vc_custom_1562678185415{background-color: #ffffff !important;}&#8221;][vc_column][vc_gallery interval=&#8221;0&#8243; images=&#8221;1787,1788,1789,1790,1791,1792,1793,1794,1795,1796,1797,1798,1799,1800&#8243; img_size=&#8221;full&#8221;][\/vc_column][\/vc_row][vc_row full_width=&#8221;stretch_row&#8221; css=&#8221;.vc_custom_1560801804988{background-color: #fff0de !important;}&#8221;][vc_column width=&#8221;1\/6&#8243;][\/vc_column][vc_column width=&#8221;2\/3&#8243;][vc_column_text]<\/p>\n<p data-style-phone_portrait=\"line-height: 18px; font-size: 14px; padding-bottom: 15px;\" data-anchor-link-pos-phone_portrait=\"empty\"><span data-anchor-link-pos-phone_portrait=\"empty\">O t\u00edtulo da s\u00e9rie Castelos de Areia sugere a simbologia de um clima de nostalgia, uma promessa de felicidade singela, ao mesmo tempo em que nos remete ao temor do desconhecido, do que pode desfazer-se a qualquer momento.<\/span><\/p>\n<p data-style-phone_portrait=\"line-height: 18px; font-size: 14px; padding-bottom: 15px;\" data-anchor-link-pos-phone_portrait=\"empty\"><span data-anchor-link-pos-phone_portrait=\"empty\">O trabalho de Katia Canton como artista visual produz esse efeito. Resultado de anos de intensa atua\u00e7\u00e3o interdisciplinar e pesquisas acad\u00eamicas trazidas para sua express\u00e3o autoral \u2013 ora de forma l\u00edrica e ora com certa ironia cr\u00edtica \u2013, dialoga com o desejo humano de encantamento e mist\u00e9rio. Lida com a contradi\u00e7\u00e3o entre a beleza das hist\u00f3rias dos contos de fadas e as asperezas do desconhecido, do lado escuro, do medo. O termo \u201ccastelo de areia\u201d pode aparecer nos lugares mais inesperados. Trazendo-o para o cotidiano, remete \u00e0s brincadeiras de crian\u00e7as na praia, mas tamb\u00e9m refere-se \u00e0s ilus\u00f5es, que s\u00e3o constru\u00eddas sem alicerces firmes, e tendem a se desmanchar, como os castelos de areia desmancham nas \u00e1guas do mar. Essa s\u00e9rie traz grandes e delicadas pinturas, de um cotidiano buc\u00f3lico, repleto de casas e \u00e1rvores, desvelando, por sua vez, algo novo, quando s\u00e3o maculadas por uma grande mancha escorrendo pela imagem pronta. Ent\u00e3o traduzem uma impress\u00e3o de suspens\u00e3o, de desmanche e de sil\u00eancio. <\/span><\/p>\n<p data-style-phone_portrait=\"line-height: 18px; font-size: 14px; padding-bottom: 15px;\" data-anchor-link-pos-phone_portrait=\"empty\"><span data-anchor-link-pos-phone_portrait=\"empty\">Para al\u00e9m dos castelos de areia, o conjunto apresentado se expande com s\u00e9ries correlatas que fazem parte do repert\u00f3rio da artista. Acasos \u00e9 uma s\u00e9rie de desenhos e pinturas, ainda mais on\u00edrica, onde a artista deixa a imagina\u00e7\u00e3o voar. Revela ainda as tens\u00f5es do humano, mas com ternura e fantasia, reavivando-nos a capacidade de imaginar. Sonho e realidade parecem coexistir em harmonia. As cores mais suaves ou monocrom\u00e1ticas acolhem e fazem as formas falarem. Nelas a artista explora suas fantasias de forma l\u00fadica, por meio de figuras soltas e complementos. Deixa emergir de seus dedos manchas que aos poucos conquistam formas. Ent\u00e3o tomam vida, se abrem, se inventam e se subdividem. Essas obras s\u00e3o feitas para serem descobertas, uma de cada vez, num detalhe, numa figura. Desfruta-se nessa a\u00e7\u00e3o, da liberdade do olhar. <\/span><\/p>\n<p data-style-phone_portrait=\"line-height: 18px; font-size: 14px; padding-bottom: 15px;\" data-anchor-link-pos-phone_portrait=\"empty\"><span data-anchor-link-pos-phone_portrait=\"empty\">Os desenhos da s\u00e9rie Contos de Fadas parecem s\u00ednteses de hist\u00f3rias contadas, do tempo que se atravessou e da dist\u00e2ncia que se percorreu para chegar at\u00e9 elas. Resgatam a inf\u00e2ncia long\u00ednqua na qual os indiv\u00edduos continuam se segurando, como que querendo captur\u00e1-la e mant\u00ea-la para um futuro incerto. As obras nos remetem \u00e0 observa\u00e7\u00e3o da passagem do tempo, da transforma\u00e7\u00e3o. Est\u00e3o ligadas \u00e0 fertilidade, reprodu\u00e7\u00e3o e morte. Sempre parecem insinuadas e s\u00e3o convites para uma jornada de mist\u00e9rio.<\/span><\/p>\n<p data-style-phone_portrait=\"line-height: 18px; font-size: 14px; padding-bottom: 15px;\" data-anchor-link-pos-phone_portrait=\"empty\"><span data-anchor-link-pos-phone_portrait=\"empty\">A artista d\u00e1 novo significado a hist\u00f3rias consagradas para falar de discrimina\u00e7\u00e3o, intoler\u00e2ncia, opress\u00e3o.Algumas obras falam de aus\u00eancia. Outras, ao mesmo tempo em que sugerem presen\u00e7as e mem\u00f3rias, falam tamb\u00e9m de solid\u00e3o e distanciamento. Por vezes, despertam sentimentos de melancolia, \u00e0s vezes prazer, outras, temor. Katia Canton caminha aqui sobre a singeleza das formas, escondendo a aspereza da realidade, mas incluindo o coment\u00e1rio cr\u00edtico sobre os diferentes aspectos do que nos define como seres humanos. <\/span><\/p>\n<p data-style-phone_portrait=\"line-height: 18px; font-size: 14px; padding-bottom: 15px;\" data-anchor-link-pos-phone_portrait=\"empty\"><span data-anchor-link-pos-phone_portrait=\"empty\">Nessa s\u00e9rie a artista parece discutir o conceito de g\u00eanero, mas fala muito mais de poder. S\u00e3o obras onde os homens parecem ser o sexo poderoso, mas s\u00e3o de fato o g\u00eanero silencioso, pois quem fala \u00e9 sempre a mulher. Cada obra dessa s\u00e9rie \u00e9 uma pequena narrativa em aberto. No papel s\u00e3o colocados os personagens. Sobre suas faces encurvadas est\u00e3o cenas que relatam epis\u00f3dios inteiros, esticados, encolhidos, invertidos. S\u00e3o como fantasmas dormentes na nossa mem\u00f3ria. Todos os desenhos dessa s\u00e9rie apresentam-se ao primeiro olhar doces e rom\u00e2nticos, mas deixam um gosto amargo ao final.<\/span><\/p>\n<p data-style-phone_portrait=\"line-height: 18px; font-size: 14px; padding-bottom: 15px;\" data-anchor-link-pos-phone_portrait=\"empty\"><span data-anchor-link-pos-phone_portrait=\"empty\">As pinturas da s\u00e9rie Profundezas do Bosque nascem de palavras e homenagens liter\u00e1rias. Frases escritas pela artista na tela s\u00e3o depois veladas pela tinta e tornam-se marcas impalp\u00e1veis que desaparecem pouco a pouco. Na exalta\u00e7\u00e3o da cor, as frases conduzem-na para a reflex\u00e3o, ordenam e acalmam, antes que entrelacem camadas e mais camadas de tinta em sucess\u00e3o na tela.<\/span><\/p>\n<p data-style-phone_portrait=\"line-height: 18px; font-size: 14px; padding-bottom: 15px;\" data-anchor-link-pos-phone_portrait=\"empty\"><span data-anchor-link-pos-phone_portrait=\"empty\">As palavras e sentimentos ficam ocultos para sempre por camadas protetoras de tinta. O resultado \u00e9 a pr\u00f3pria imagem da lembran\u00e7a, viva, lacunar, cavada de aus\u00eancias, habitada por uma antiga e conhecida pulsa\u00e7\u00e3o. Assim, nas pinturas, o trabalho vem aos nossos olhos por suas pr\u00f3prias imperfei\u00e7\u00f5es, pelos sucessivos caminhos que atravessam e pelas lembran\u00e7as que disso restaram. Katia faz uma pintura nost\u00e1lgica, mas ao mesmo tempo fortemente incrustada no agora, com uma presen\u00e7a que a faz dotada de pot\u00eancia pr\u00f3pria. Na superposi\u00e7\u00e3o de cores fortes, parece revelar a movimenta\u00e7\u00e3o das atitudes e dos gestos. A obra mostra uma vontade incontida de dar-se, uma sede imanente de frui\u00e7\u00e3o da vida.<\/span><\/p>\n<p data-style-phone_portrait=\"line-height: 18px; font-size: 14px; padding-bottom: 15px;\" data-anchor-link-pos-phone_portrait=\"empty\"><span data-anchor-link-pos-phone_portrait=\"empty\">Desde 2009, a artista conduz um work in progress da s\u00e9rie de fotografias Contos de Fadas da Vida Real. Elas transitam entre o sagrado e o profano, registrando imagens mundanas, criadas nos limites da fantasia, do desejo de pureza e da transgress\u00e3o que caracterizam o humano em cada um de n\u00f3s. <\/span><\/p>\n<p data-style-phone_portrait=\"line-height: 18px; font-size: 14px; padding-bottom: 15px;\" data-anchor-link-pos-phone_portrait=\"empty\"><span data-anchor-link-pos-phone_portrait=\"empty\">A s\u00e9rie A Cura Pelas Hist\u00f3rias, pintada com medicamentos \u2013 iodo, rifocina e violeta genciana \u2013 faz com que os tons obtidos sejam profundos e dram\u00e1ticos. Katia desenha as figuras e as tinge de ocre e as atravessa de ardores vermelhos e violetas, as impregna de dor e de urg\u00eancia.<\/span><\/p>\n<p data-style-phone_portrait=\"line-height: 18px; font-size: 14px; padding-bottom: 15px;\" data-anchor-link-pos-phone_portrait=\"empty\"><span data-anchor-link-pos-phone_portrait=\"empty\">Olhamos enfim os trabalhos que a artista cria com diferentes materiais. Observamos de novo e ent\u00e3o algo acontece. Somos transportados ao passado, a mem\u00f3rias de outros, com suas infinitas nuances e suas outras hist\u00f3rias, feitas de imagens sublimes, estranhas, sutis.<\/span><\/p>\n<p><strong>Adriana Rede<br \/>\n<\/strong>Curadora independente[\/vc_column_text][\/vc_column][vc_column width=&#8221;1\/6&#8243;][\/vc_column][\/vc_row][vc_row full_width=&#8221;stretch_row&#8221; css=&#8221;.vc_custom_1560801804988{background-color: #fff0de !important;}&#8221;][vc_column width=&#8221;1\/2&#8243;][vc_column_text]<a href=\"https:\/\/www.instagram.com\/katiacanton.artepsicanalise\/\"><img loading=\"lazy\" decoding=\"async\" class=\"alignnone wp-image-1658 size-full\" src=\"https:\/\/katiacanton.com.br\/wp-content\/uploads\/2019\/06\/insta.png\" alt=\"\" width=\"44\" height=\"44\" \/><\/a>\u00a0\u00a0<a href=\"https:\/\/www.facebook.com\/katia.canton.3\"><img loading=\"lazy\" decoding=\"async\" class=\"alignnone size-full wp-image-1657\" src=\"https:\/\/katiacanton.com.br\/wp-content\/uploads\/2019\/06\/face.png\" alt=\"\" width=\"44\" height=\"44\" \/><\/a>[\/vc_column_text][\/vc_column][vc_column width=&#8221;1\/2&#8243;][vc_single_image image=&#8221;1659&#8243; img_size=&#8221;full&#8221; alignment=&#8221;right&#8221;][\/vc_column][\/vc_row]<\/p>\n","protected":false},"excerpt":{"rendered":"<p>[vc_row full_width=&#8221;stretch_row&#8221; css=&#8221;.vc_custom_1562678216465{padding-top: 20px !important;padding-bottom: 35px !important;background-image: url(https:\/\/katiacanton.com.br\/wp-content\/uploads\/2019\/06\/abre_castelo3.jpg?id=2054) !important;}&#8221;][vc_column width=&#8221;1\/6&#8243;][\/vc_column][vc_column width=&#8221;2\/3&#8243;][vc_custom_heading text=&#8221;OBRAS&#8221; font_container=&#8221;tag:h4|text_align:center|color:%23ffffff&#8221; use_theme_fonts=&#8221;yes&#8221; css=&#8221;.vc_custom_1562678203665{margin-bottom: 0px !important;border-bottom-width: 0px !important;padding-top: 0px !important;padding-bottom: 0px !important;background-position: center !important;background-repeat: no-repeat !important;background-size: contain !important;}&#8221;][vc_custom_heading text=&#8221;CASTELOS DE AREIA&#8221; font_container=&#8221;tag:h1|text_align:center|color:%23ffffff&#8221; use_theme_fonts=&#8221;yes&#8221; css=&#8221;.vc_custom_1560874425347{margin-top: 0px !important;margin-bottom: 0px !important;border-top-width: 0px !important;border-bottom-width: 0px !important;padding-top: 0px !important;padding-bottom: 0px !important;background-position: center !important;background-repeat: no-repeat !important;background-size: contain !important;}&#8221;][\/vc_column][vc_column width=&#8221;1\/6&#8243;][\/vc_column][\/vc_row][vc_row full_width=&#8221;stretch_row&#8221; &hellip; <a href=\"https:\/\/katiacanton.com.br\/?page_id=1859\" title=\"castelos de areia\" class=\"read-more\">Read More<\/a><\/p>\n","protected":false},"author":1,"featured_media":0,"parent":0,"menu_order":0,"comment_status":"closed","ping_status":"closed","template":"","meta":{"footnotes":""},"class_list":["post-1859","page","type-page","status-publish","hentry"],"_links":{"self":[{"href":"https:\/\/katiacanton.com.br\/index.php?rest_route=\/wp\/v2\/pages\/1859","targetHints":{"allow":["GET"]}}],"collection":[{"href":"https:\/\/katiacanton.com.br\/index.php?rest_route=\/wp\/v2\/pages"}],"about":[{"href":"https:\/\/katiacanton.com.br\/index.php?rest_route=\/wp\/v2\/types\/page"}],"author":[{"embeddable":true,"href":"https:\/\/katiacanton.com.br\/index.php?rest_route=\/wp\/v2\/users\/1"}],"replies":[{"embeddable":true,"href":"https:\/\/katiacanton.com.br\/index.php?rest_route=%2Fwp%2Fv2%2Fcomments&post=1859"}],"version-history":[{"count":6,"href":"https:\/\/katiacanton.com.br\/index.php?rest_route=\/wp\/v2\/pages\/1859\/revisions"}],"predecessor-version":[{"id":2768,"href":"https:\/\/katiacanton.com.br\/index.php?rest_route=\/wp\/v2\/pages\/1859\/revisions\/2768"}],"wp:attachment":[{"href":"https:\/\/katiacanton.com.br\/index.php?rest_route=%2Fwp%2Fv2%2Fmedia&parent=1859"}],"curies":[{"name":"wp","href":"https:\/\/api.w.org\/{rel}","templated":true}]}}