{"id":2025,"date":"2019-06-18T20:49:33","date_gmt":"2019-06-18T20:49:33","guid":{"rendered":"https:\/\/katiacanton.com.br\/?page_id=2025"},"modified":"2019-08-09T19:35:08","modified_gmt":"2019-08-09T19:35:08","slug":"oficinas-e-educacao","status":"publish","type":"page","link":"https:\/\/katiacanton.com.br\/?page_id=2025","title":{"rendered":"oficinas e educa\u00e7\u00e3o"},"content":{"rendered":"<p>[vc_row full_width=&#8221;stretch_row&#8221; css=&#8221;.vc_custom_1562678982473{padding-top: 30px !important;padding-right: 20px !important;padding-left: 20px !important;background-color: #fff0de !important;}&#8221;][vc_column width=&#8221;1\/4&#8243;][\/vc_column][vc_column width=&#8221;1\/2&#8243;][vc_custom_heading text=&#8221;OFICINAS E EDUCA\u00c7\u00c3O&#8221; font_container=&#8221;tag:h1|text_align:center|color:%23f06a41&#8243; use_theme_fonts=&#8221;yes&#8221; css=&#8221;.vc_custom_1562679068038{background-position: center !important;background-repeat: no-repeat !important;background-size: contain !important;}&#8221;][\/vc_column][vc_column width=&#8221;1\/4&#8243;][\/vc_column][\/vc_row][vc_row full_width=&#8221;stretch_row&#8221; css=&#8221;.vc_custom_1560801804988{background-color: #fff0de !important;}&#8221;][vc_column width=&#8221;1\/2&#8243;][vc_single_image image=&#8221;2047&#8243; img_size=&#8221;full&#8221;][vc_column_text]<\/p>\n<p style=\"text-align: right;\" data-style-phone_portrait=\"line-height: 18px; font-size: 14px;\" data-anchor-link-pos-phone_portrait=\"empty\"><strong>Oficinas Contos de Fadas<br \/>\n<\/strong><span data-anchor-link-pos-phone_portrait=\"empty\">Contamos hist\u00f3rias, falamos sobre seus contextos e inventamos narrativas sobre do passado, do presente e do futuro. Aqui, trabalhamos a partir do livro Minimagin\u00e1rio Andersen, no col\u00e9gio Rainha da Paz, em S\u00e3o Paulo.<\/span><\/p>\n<p>[\/vc_column_text][vc_single_image image=&#8221;2049&#8243; img_size=&#8221;full&#8221;][vc_column_text]<\/p>\n<p style=\"text-align: right;\" data-style-phone_portrait=\"line-height: 18px; font-size: 14px;\" data-anchor-link-pos-phone_portrait=\"empty\"><strong>Encontro com o Autor<br \/>\n<\/strong><span data-anchor-link-pos-phone_portrait=\"empty\">Esse projeto consiste na visita a escolas e a cria\u00e7\u00e3o de atividades especiais e conversas baseadas nos livros adotados ali. Na foto, estou com crian\u00e7as de uma escola p\u00fablica perto de Porto Alegre, como parte integrante de um programa de incentivo \u00e0 leitura de sua Feira do Livro.<\/span><\/p>\n<p>[\/vc_column_text][vc_single_image image=&#8221;2051&#8243; img_size=&#8221;full&#8221;][vc_column_text]<\/p>\n<p style=\"text-align: right;\" data-style-phone_portrait=\"line-height: 18px; font-size: 14px;\" data-anchor-link-pos-phone_portrait=\"empty\"><strong>Arte e Conta\u00e7\u00e3o de Hist\u00f3rias na Eslov\u00e1quia<br \/>\n<\/strong><span data-anchor-link-pos-phone_portrait=\"empty\">Inventamos her\u00f3is e hero\u00ednas contempor\u00e2neas, baseadas na tradi\u00e7\u00e3o de contos celtas e outras narrrativas da tradi\u00e7\u00e3o do leste europeu. Ao final, pinturas, colagens e desenhos foram reunidos numa exposi\u00e7\u00e3o. E ainda fizemos performances nos campos ao redor da cidade de Liptov.\u00a0<\/span><\/p>\n<p>[\/vc_column_text][\/vc_column][vc_column width=&#8221;1\/2&#8243;][vc_column_text]<\/p>\n<p data-style-phone_portrait=\"line-height: 18px; font-size: 14px;\" data-anchor-link-pos-phone_portrait=\"empty\"><strong>\u00cdndia, 2008<br \/>\n<\/strong><span data-anchor-link-pos-phone_portrait=\"empty\">Esse ano, fizemos uma atividade incr\u00edvel com crian\u00e7as. A convite da Faculdade de Arquitetura, da Universidade de Tunkur, pr\u00f3xima a Bangalore, criamos um grande painel, a partir de oficinas sobre o que seria um mundo melhor para elas. O resultado foi um projeto riqu\u00edssimo, onde v\u00e1rios aspectos como alegria, sustentabilidade, natureza, espiritualidade e comida foram inclu\u00eddos na imagem.<\/span><\/p>\n<p>[\/vc_column_text][vc_single_image image=&#8221;2048&#8243; img_size=&#8221;full&#8221;][vc_column_text]<\/p>\n<p data-style-phone_portrait=\"line-height: 18px; font-size: 14px;\" data-anchor-link-pos-phone_portrait=\"empty\"><strong>Associa\u00e7\u00e3o Barreiros, Ilhabela, projeto Castelos de Areia<br \/>\n<\/strong>Trabalhamos <span data-anchor-link-pos-phone_portrait=\"empty\">conceitos de sonho, desejo e realidade atrav\u00e9s dos castelos de areia. <\/span><span data-anchor-link-pos-phone_portrait=\"empty\">Caminhadas po\u00e9ticas na praia, a constru\u00e7\u00e3o de castelos de areia e a observa\u00e7\u00e3o <\/span><span data-anchor-link-pos-phone_portrait=\"empty\">do que acontecia com eles depois da passagem das ondas deu origem a uma grande <\/span><span data-anchor-link-pos-phone_portrait=\"empty\">tela, pintada coletivamente.<\/span><\/p>\n<p>[\/vc_column_text][vc_single_image image=&#8221;2050&#8243; img_size=&#8221;full&#8221;][vc_column_text]<\/p>\n<p data-style-phone_portrait=\"line-height: 18px; font-size: 14px;\" data-anchor-link-pos-phone_portrait=\"empty\"><strong>Oficinas Monstru\u00e1rio e Besti\u00e1rio<br \/>\n<\/strong><span data-anchor-link-pos-phone_portrait=\"empty\">Constru\u00edmos monstros e bestas em grupos. Crian\u00e7as e adultos s\u00e3o convidados a criar partes desses monstros coletivos e a conversar sobre os \u00a0resultados e seus poss\u00edveis ant\u00eddotos.\u00a0<\/span><\/p>\n<p>[\/vc_column_text][vc_single_image image=&#8221;2052&#8243; img_size=&#8221;full&#8221;][\/vc_column][\/vc_row][vc_row full_width=&#8221;stretch_row&#8221; css=&#8221;.vc_custom_1560801804988{background-color: #fff0de !important;}&#8221;][vc_column width=&#8221;1\/2&#8243;][\/vc_column][vc_column width=&#8221;1\/2&#8243;][\/vc_column][\/vc_row][vc_row full_width=&#8221;stretch_row&#8221; css=&#8221;.vc_custom_1560801804988{background-color: #fff0de !important;}&#8221;][vc_column width=&#8221;1\/2&#8243;][vc_column_text]<a href=\"https:\/\/www.instagram.com\/katia.canton\/\"> <img loading=\"lazy\" decoding=\"async\" class=\"alignnone size-full wp-image-1658\" src=\"https:\/\/katiacanton.com.br\/wp-content\/uploads\/2019\/06\/insta.png\" alt=\"\" width=\"44\" height=\"44\" \/><\/a>\u00a0\u00a0<a href=\"https:\/\/www.facebook.com\/katia.canton.3\"><img loading=\"lazy\" decoding=\"async\" class=\"alignnone size-full wp-image-1657\" src=\"https:\/\/katiacanton.com.br\/wp-content\/uploads\/2019\/06\/face.png\" alt=\"\" width=\"44\" height=\"44\" \/><\/a>[\/vc_column_text][\/vc_column][vc_column width=&#8221;1\/2&#8243;][vc_single_image image=&#8221;1659&#8243; img_size=&#8221;full&#8221; alignment=&#8221;right&#8221;][\/vc_column][\/vc_row]<\/p>\n","protected":false},"excerpt":{"rendered":"<p>[vc_row full_width=&#8221;stretch_row&#8221; css=&#8221;.vc_custom_1562678982473{padding-top: 30px !important;padding-right: 20px !important;padding-left: 20px !important;background-color: #fff0de !important;}&#8221;][vc_column width=&#8221;1\/4&#8243;][\/vc_column][vc_column width=&#8221;1\/2&#8243;][vc_custom_heading text=&#8221;OFICINAS E EDUCA\u00c7\u00c3O&#8221; font_container=&#8221;tag:h1|text_align:center|color:%23f06a41&#8243; use_theme_fonts=&#8221;yes&#8221; css=&#8221;.vc_custom_1562679068038{background-position: center !important;background-repeat: no-repeat !important;background-size: contain !important;}&#8221;][\/vc_column][vc_column width=&#8221;1\/4&#8243;][\/vc_column][\/vc_row][vc_row full_width=&#8221;stretch_row&#8221; css=&#8221;.vc_custom_1560801804988{background-color: #fff0de !important;}&#8221;][vc_column width=&#8221;1\/2&#8243;][vc_single_image image=&#8221;2047&#8243; img_size=&#8221;full&#8221;][vc_column_text] Oficinas Contos de Fadas Contamos hist\u00f3rias, falamos sobre seus contextos e inventamos narrativas sobre do passado, do presente e do futuro. Aqui, &hellip; <a href=\"https:\/\/katiacanton.com.br\/?page_id=2025\" title=\"oficinas e educa\u00e7\u00e3o\" class=\"read-more\">Read More<\/a><\/p>\n","protected":false},"author":1,"featured_media":0,"parent":0,"menu_order":0,"comment_status":"closed","ping_status":"closed","template":"","meta":{"footnotes":""},"class_list":["post-2025","page","type-page","status-publish","hentry"],"_links":{"self":[{"href":"https:\/\/katiacanton.com.br\/index.php?rest_route=\/wp\/v2\/pages\/2025","targetHints":{"allow":["GET"]}}],"collection":[{"href":"https:\/\/katiacanton.com.br\/index.php?rest_route=\/wp\/v2\/pages"}],"about":[{"href":"https:\/\/katiacanton.com.br\/index.php?rest_route=\/wp\/v2\/types\/page"}],"author":[{"embeddable":true,"href":"https:\/\/katiacanton.com.br\/index.php?rest_route=\/wp\/v2\/users\/1"}],"replies":[{"embeddable":true,"href":"https:\/\/katiacanton.com.br\/index.php?rest_route=%2Fwp%2Fv2%2Fcomments&post=2025"}],"version-history":[{"count":20,"href":"https:\/\/katiacanton.com.br\/index.php?rest_route=\/wp\/v2\/pages\/2025\/revisions"}],"predecessor-version":[{"id":2735,"href":"https:\/\/katiacanton.com.br\/index.php?rest_route=\/wp\/v2\/pages\/2025\/revisions\/2735"}],"wp:attachment":[{"href":"https:\/\/katiacanton.com.br\/index.php?rest_route=%2Fwp%2Fv2%2Fmedia&parent=2025"}],"curies":[{"name":"wp","href":"https:\/\/api.w.org\/{rel}","templated":true}]}}